{"id":7814,"date":"2021-12-02T01:16:30","date_gmt":"2021-12-02T00:16:30","guid":{"rendered":"https:\/\/jusos.hr\/tennis-courts-of-the-sports-recreational-center-bacvice\/"},"modified":"2025-04-11T21:41:24","modified_gmt":"2025-04-11T19:41:24","slug":"tennis-courts-of-the-sports-recreational-center-bacvice","status":"publish","type":"page","link":"https:\/\/jusos.hr\/en\/tennis-courts-of-the-sports-recreational-center-bacvice\/","title":{"rendered":"Tennis courts of the sports-recreational center Ba\u010dvice"},"content":{"rendered":"<div class=\"wpb-content-wrapper\"><p>[vc_row][vc_column][vc_single_image image=&#8221;2277&#8243; img_size=&#8221;full&#8221; alignment=&#8221;center&#8221; style=&#8221;vc_box_shadow_3d&#8221;][vc_column_text css=&#8221;&#8221;]<strong>TENNIS COURTS OF THE SPORTS-RECREATIONAL CENTER BA\u010cVICE <\/strong><\/p>\n<p><strong>Adress: Lazarica bb<br \/>\nWorking hours: Monday \u2013 Sunday 7:00 \u2013 23:00h\/7AM-11PM<br \/>\nPhone: 091 4010012<br \/>\nReservation of tennis courts: <a href=\"https:\/\/www.tenis.plus\/hr\">https:\/\/www.tenis.plus\/hr<\/a><\/strong><strong><br \/>\nArea 4.107,00m2<\/strong><\/p>\n<p>TC SRC Ba\u010dvice is located 500 meters above the Tennis Center Firule. TC SRC Ba\u010dvice are tennis courts within the sports-recreational center Ba\u010dvice.<\/p>\n<p><strong>The components of TC SRC Ba\u010dvice are the following sports facilities:<\/strong><\/p>\n<p><strong><em>Clay tennis courts No. 1 and 2 <\/em><\/strong> \u2013 1.200,00 m2.<\/p>\n<p><strong><em>Concrete tennis courts No. 3 i 4 <\/em><\/strong> \u2013 1.054,00 m2.<\/p>\n<p><strong><em>Tenniswall ( 2 pcs.)<\/em><\/strong> \u2013 400,00 m2.<\/p>\n<p>*Free use of tennis court No. 4 for children and youth.<\/p>\n<p><a href=\"https:\/\/jusos.hr\/wp-content\/uploads\/2025\/04\/BATERIJE.pdf\" target=\"_blank\" rel=\"noopener\"><strong>HALL LAYOUT<\/strong><\/a>[\/vc_column_text][\/vc_column][\/vc_row][vc_row][vc_column]<div id=\"mec_skin_2783\" class=\"mec-wrap colorskin-custom  \">\r\n\r\n    \r\n    <div class=\"mec-calendar mec-box-calendar mec-event-calendar-classic mec-event-container-simple\" id=\"mec_skin_events_2783_full\">\r\n                <div class=\"mec-calendar-side mec-clear\">\r\n                        <div class=\"mec-skin-monthly-view-month-navigator-container\">\r\n                <div class=\"mec-month-navigator\" id=\"mec_month_navigator_2783_202605\"><div class=\"mec-previous-month mec-load-month mec-previous-month\" data-mec-year=\"2026\" data-mec-month=\"04\"><a href=\"#\" class=\"mec-load-month-link\"><i class=\"mec-sl-angle-left\"><\/i> April<\/a><\/div><div class=\"mec-calendar-header\"><h2>May 2026<\/h2><\/div><div class=\"mec-next-month mec-load-month mec-next-month\" data-mec-year=\"2026\" data-mec-month=\"06\"><a href=\"#\" class=\"mec-load-month-link\">June <i class=\"mec-sl-angle-right\"><\/i><\/a><\/div><\/div>\r\n            <\/div>\r\n            \r\n            <div class=\"mec-calendar-table\" id=\"mec_skin_events_2783\">\r\n                <div class=\"mec-month-container mec-month-container-selected\" id=\"mec_monthly_view_month_2783_202605\" data-month-id=\"202605\"><dl class=\"mec-calendar-table-head\"><dt class=\"mec-calendar-day-head\">PON<\/dt><dt class=\"mec-calendar-day-head\">UTO<\/dt><dt class=\"mec-calendar-day-head\">SRI<\/dt><dt class=\"mec-calendar-day-head\">\u010cET<\/dt><dt class=\"mec-calendar-day-head\">PET<\/dt><dt class=\"mec-calendar-day-head\">SUB<\/dt><dt class=\"mec-calendar-day-head\">NED<\/dt><\/dl><dl class=\"mec-calendar-row\">\r\n    <dt class=\"mec-table-nullday\">27<\/dt><dt class=\"mec-table-nullday\">28<\/dt><dt class=\"mec-table-nullday\">29<\/dt><dt class=\"mec-table-nullday\">30<\/dt><dt class=\"mec-calendar-day  mec-selected-day\" data-mec-cell=\"20260501\" data-day=\"1\" data-month=\"202605\">1<\/dt><\/dt><dt class=\"mec-calendar-day \" data-mec-cell=\"20260502\" data-day=\"2\" data-month=\"202605\">2<\/dt><\/dt><dt class=\"mec-calendar-day \" data-mec-cell=\"20260503\" data-day=\"3\" data-month=\"202605\">3<\/dt><\/dt><\/dl><dl class=\"mec-calendar-row\"><dt class=\"mec-calendar-day \" data-mec-cell=\"20260504\" data-day=\"4\" data-month=\"202605\">4<\/dt><\/dt><dt class=\"mec-calendar-day \" data-mec-cell=\"20260505\" data-day=\"5\" data-month=\"202605\">5<\/dt><\/dt><dt class=\"mec-calendar-day \" data-mec-cell=\"20260506\" data-day=\"6\" data-month=\"202605\">6<\/dt><\/dt><dt class=\"mec-calendar-day \" data-mec-cell=\"20260507\" data-day=\"7\" data-month=\"202605\">7<\/dt><\/dt><dt class=\"mec-calendar-day \" data-mec-cell=\"20260508\" data-day=\"8\" data-month=\"202605\">8<\/dt><\/dt><dt class=\"mec-calendar-day \" data-mec-cell=\"20260509\" data-day=\"9\" data-month=\"202605\">9<\/dt><\/dt><dt class=\"mec-calendar-day \" data-mec-cell=\"20260510\" data-day=\"10\" data-month=\"202605\">10<\/dt><\/dt><\/dl><dl class=\"mec-calendar-row\"><dt class=\"mec-calendar-day \" data-mec-cell=\"20260511\" data-day=\"11\" data-month=\"202605\">11<\/dt><\/dt><dt class=\"mec-calendar-day \" data-mec-cell=\"20260512\" data-day=\"12\" data-month=\"202605\">12<\/dt><\/dt><dt class=\"mec-calendar-day \" data-mec-cell=\"20260513\" data-day=\"13\" data-month=\"202605\">13<\/dt><\/dt><dt class=\"mec-calendar-day \" data-mec-cell=\"20260514\" data-day=\"14\" data-month=\"202605\">14<\/dt><\/dt><dt class=\"mec-calendar-day \" data-mec-cell=\"20260515\" data-day=\"15\" data-month=\"202605\">15<\/dt><\/dt><dt class=\"mec-calendar-day \" data-mec-cell=\"20260516\" data-day=\"16\" data-month=\"202605\">16<\/dt><\/dt><dt class=\"mec-calendar-day \" data-mec-cell=\"20260517\" data-day=\"17\" data-month=\"202605\">17<\/dt><\/dt><\/dl><dl class=\"mec-calendar-row\"><dt class=\"mec-calendar-day \" data-mec-cell=\"20260518\" data-day=\"18\" data-month=\"202605\">18<\/dt><\/dt><dt class=\"mec-calendar-day \" data-mec-cell=\"20260519\" data-day=\"19\" data-month=\"202605\">19<\/dt><\/dt><dt class=\"mec-calendar-day \" data-mec-cell=\"20260520\" data-day=\"20\" data-month=\"202605\">20<\/dt><\/dt><dt class=\"mec-calendar-day \" data-mec-cell=\"20260521\" data-day=\"21\" data-month=\"202605\">21<\/dt><\/dt><dt class=\"mec-calendar-day \" data-mec-cell=\"20260522\" data-day=\"22\" data-month=\"202605\">22<\/dt><\/dt><dt class=\"mec-calendar-day \" data-mec-cell=\"20260523\" data-day=\"23\" data-month=\"202605\">23<\/dt><\/dt><dt class=\"mec-calendar-day \" data-mec-cell=\"20260524\" data-day=\"24\" data-month=\"202605\">24<\/dt><\/dt><\/dl><dl class=\"mec-calendar-row\"><dt class=\"mec-calendar-day \" data-mec-cell=\"20260525\" data-day=\"25\" data-month=\"202605\">25<\/dt><\/dt><dt class=\"mec-calendar-day \" data-mec-cell=\"20260526\" data-day=\"26\" data-month=\"202605\">26<\/dt><\/dt><dt class=\"mec-calendar-day \" data-mec-cell=\"20260527\" data-day=\"27\" data-month=\"202605\">27<\/dt><\/dt><dt class=\"mec-calendar-day \" data-mec-cell=\"20260528\" data-day=\"28\" data-month=\"202605\">28<\/dt><\/dt><dt class=\"mec-calendar-day \" data-mec-cell=\"20260529\" data-day=\"29\" data-month=\"202605\">29<\/dt><\/dt><dt class=\"mec-calendar-day \" data-mec-cell=\"20260530\" data-day=\"30\" data-month=\"202605\">30<\/dt><\/dt><dt class=\"mec-calendar-day \" data-mec-cell=\"20260531\" data-day=\"31\" data-month=\"202605\">31<\/dt><\/dt><\/dl><dl class=\"mec-calendar-row\"><\/dl>\r\n<\/div>\r\n            <\/div>\r\n\r\n                    <\/div>\r\n            <\/div>\r\n\r\n        \r\n        <div class=\"mec-modal-result\"><\/div>\r\n\r\n<\/div>[\/vc_column][\/vc_row]<\/p>\n<\/div>","protected":false},"excerpt":{"rendered":"<p>[vc_row][vc_column][vc_single_image image=&#8221;2277&#8243; img_size=&#8221;full&#8221; alignment=&#8221;center&#8221; style=&#8221;vc_box_shadow_3d&#8221;][vc_column_text css=&#8221;&#8221;]TENNIS COURTS OF THE SPORTS-RECREATIONAL CENTER BA\u010cVICE Adress: Lazarica bb Working hours: Monday \u2013 Sunday 7:00 \u2013 23:00h\/7AM-11PM Phone: 091 4010012 Reservation of tennis courts: https:\/\/www.tenis.plus\/hr Area 4.107,00m2 TC SRC Ba\u010dvice is located 500 meters above the Tennis Center Firule. TC SRC Ba\u010dvice are tennis courts within the sports-recreational center&hellip;<\/p>\n","protected":false},"author":1,"featured_media":0,"parent":0,"menu_order":0,"comment_status":"closed","ping_status":"closed","template":"","meta":{"_seopress_robots_primary_cat":"","_seopress_titles_title":"","_seopress_titles_desc":"","_seopress_robots_index":"","footnotes":""},"class_list":["post-7814","page","type-page","status-publish","hentry","description-off"],"_links":{"self":[{"href":"https:\/\/jusos.hr\/en\/wp-json\/wp\/v2\/pages\/7814","targetHints":{"allow":["GET"]}}],"collection":[{"href":"https:\/\/jusos.hr\/en\/wp-json\/wp\/v2\/pages"}],"about":[{"href":"https:\/\/jusos.hr\/en\/wp-json\/wp\/v2\/types\/page"}],"author":[{"embeddable":true,"href":"https:\/\/jusos.hr\/en\/wp-json\/wp\/v2\/users\/1"}],"replies":[{"embeddable":true,"href":"https:\/\/jusos.hr\/en\/wp-json\/wp\/v2\/comments?post=7814"}],"version-history":[{"count":3,"href":"https:\/\/jusos.hr\/en\/wp-json\/wp\/v2\/pages\/7814\/revisions"}],"predecessor-version":[{"id":8098,"href":"https:\/\/jusos.hr\/en\/wp-json\/wp\/v2\/pages\/7814\/revisions\/8098"}],"wp:attachment":[{"href":"https:\/\/jusos.hr\/en\/wp-json\/wp\/v2\/media?parent=7814"}],"curies":[{"name":"wp","href":"https:\/\/api.w.org\/{rel}","templated":true}]}}