{"id":7829,"date":"2021-12-02T01:18:40","date_gmt":"2021-12-02T00:18:40","guid":{"rendered":"https:\/\/jusos.hr\/sports-center-pool-zenta\/"},"modified":"2025-04-11T21:53:41","modified_gmt":"2025-04-11T19:53:41","slug":"sports-center-pool-zenta","status":"publish","type":"page","link":"https:\/\/jusos.hr\/en\/sports-center-pool-zenta\/","title":{"rendered":"Sports center pool Zenta"},"content":{"rendered":"<div class=\"wpb-content-wrapper\"><p>[vc_row][vc_column][vc_single_image image=&#8221;2283&#8243; img_size=&#8221;full&#8221; style=&#8221;vc_box_shadow_3d&#8221;][\/vc_column][\/vc_row][vc_row][vc_column][vc_column_text css=&#8221;&#8221;]<strong>SPORTS CENTER \u201cPOOL ZENTA\u201d<br \/>\nAddress: Uvala Zenta 3<br \/>\nWorking hours: 06:00-22:00h\/6AM-10PM<br \/>\nArea: 3,700.00m2<\/strong><\/p>\n<p>Pool Zenta is an Olympic pool that was reopened for usage in June 2021 by the Public Institution For Sports Facilities Split after extensive renovations. SC Pool Zenta is located in the Ba\u010dvice city district. In 1937, with the establishment of the swimming club PO\u0160K 1937 at the site of the current Olympic pool, there was a swimming area, which in 1981, thanks to outstanding sports achievements, was transformed into a new modern Olympic pool.<\/p>\n<p>The components of Pool Zenta are the following sports facilities:<\/p>\n<p><strong>Open pool<\/strong> \u2013 1,070.00 m2. Used for water polo, swimming, and diving.<\/p>\n<p><strong>HALL LAYOUTS<\/strong><\/p>\n<p><a href=\"https:\/\/jusos.hr\/wp-content\/uploads\/2025\/04\/ZENTA.pdf\" target=\"_blank\" rel=\"noopener\">ZENTA<\/a>[\/vc_column_text][\/vc_column][\/vc_row][vc_row disable_element=&#8221;yes&#8221;][vc_column][vc_column_text]<strong>SPORTS CENTER POOL ZENTA<\/strong><\/p>\n<p>&nbsp;<\/p>\n<table width=\"100%\">\n<tbody>\n<tr>\n<td width=\"329\"><\/td>\n<td style=\"text-align: center;\" width=\"329\"><strong>PDV uklju\u010den u cijenu.<\/strong><\/td>\n<\/tr>\n<tr>\n<td width=\"329\">Cageball (umjetna trava) \u2013 1 sat<\/td>\n<td style=\"text-align: center;\" width=\"329\">100,00 kuna<\/td>\n<\/tr>\n<tr>\n<td width=\"329\">Ko\u0161arka (1 tabla) \u2013 1 sat<\/td>\n<td style=\"text-align: center;\" width=\"329\">30,00 kuna<\/td>\n<\/tr>\n<\/tbody>\n<\/table>\n<p>&nbsp;<\/p>\n<p>Cijena kori\u0161tenja bazena i cijena kupanja gra\u0111ana po cjeniku \u0160C Bazeni Poljud.[\/vc_column_text][\/vc_column][\/vc_row][vc_row][vc_column]<div id=\"mec_skin_2792\" class=\"mec-wrap colorskin-custom  \">\r\n\r\n    \r\n    <div class=\"mec-calendar mec-box-calendar mec-event-calendar-classic mec-event-container-simple\" id=\"mec_skin_events_2792_full\">\r\n                <div class=\"mec-calendar-side mec-clear\">\r\n                        <div class=\"mec-skin-monthly-view-month-navigator-container\">\r\n                <div class=\"mec-month-navigator\" id=\"mec_month_navigator_2792_202604\"><div class=\"mec-previous-month mec-load-month mec-previous-month\" data-mec-year=\"2026\" data-mec-month=\"03\"><a href=\"#\" class=\"mec-load-month-link\"><i class=\"mec-sl-angle-left\"><\/i> March<\/a><\/div><div class=\"mec-calendar-header\"><h2>April 2026<\/h2><\/div><div class=\"mec-next-month mec-load-month mec-next-month\" data-mec-year=\"2026\" data-mec-month=\"05\"><a href=\"#\" class=\"mec-load-month-link\">May <i class=\"mec-sl-angle-right\"><\/i><\/a><\/div><\/div>\r\n            <\/div>\r\n            \r\n            <div class=\"mec-calendar-table\" id=\"mec_skin_events_2792\">\r\n                <div class=\"mec-month-container mec-month-container-selected\" id=\"mec_monthly_view_month_2792_202604\" data-month-id=\"202604\"><dl class=\"mec-calendar-table-head\"><dt class=\"mec-calendar-day-head\">PON<\/dt><dt class=\"mec-calendar-day-head\">UTO<\/dt><dt class=\"mec-calendar-day-head\">SRI<\/dt><dt class=\"mec-calendar-day-head\">\u010cET<\/dt><dt class=\"mec-calendar-day-head\">PET<\/dt><dt class=\"mec-calendar-day-head\">SUB<\/dt><dt class=\"mec-calendar-day-head\">NED<\/dt><\/dl><dl class=\"mec-calendar-row\">\r\n    <dt class=\"mec-table-nullday\">30<\/dt><dt class=\"mec-table-nullday\">31<\/dt><dt class=\"mec-calendar-day \" data-mec-cell=\"20260401\" data-day=\"1\" data-month=\"202604\">1<\/dt><\/dt><dt class=\"mec-calendar-day \" data-mec-cell=\"20260402\" data-day=\"2\" data-month=\"202604\">2<\/dt><\/dt><dt class=\"mec-calendar-day \" data-mec-cell=\"20260403\" data-day=\"3\" data-month=\"202604\">3<\/dt><\/dt><dt class=\"mec-calendar-day \" data-mec-cell=\"20260404\" data-day=\"4\" data-month=\"202604\">4<\/dt><\/dt><dt class=\"mec-calendar-day \" data-mec-cell=\"20260405\" data-day=\"5\" data-month=\"202604\">5<\/dt><\/dt><\/dl><dl class=\"mec-calendar-row\"><dt class=\"mec-calendar-day \" data-mec-cell=\"20260406\" data-day=\"6\" data-month=\"202604\">6<\/dt><\/dt><dt class=\"mec-calendar-day \" data-mec-cell=\"20260407\" data-day=\"7\" data-month=\"202604\">7<\/dt><\/dt><dt class=\"mec-calendar-day \" data-mec-cell=\"20260408\" data-day=\"8\" data-month=\"202604\">8<\/dt><\/dt><dt class=\"mec-calendar-day  mec-selected-day\" data-mec-cell=\"20260409\" data-day=\"9\" data-month=\"202604\">9<\/dt><\/dt><dt class=\"mec-calendar-day \" data-mec-cell=\"20260410\" data-day=\"10\" data-month=\"202604\">10<\/dt><\/dt><dt class=\"mec-calendar-day \" data-mec-cell=\"20260411\" data-day=\"11\" data-month=\"202604\">11<\/dt><\/dt><dt class=\"mec-calendar-day \" data-mec-cell=\"20260412\" data-day=\"12\" data-month=\"202604\">12<\/dt><\/dt><\/dl><dl class=\"mec-calendar-row\"><dt class=\"mec-calendar-day \" data-mec-cell=\"20260413\" data-day=\"13\" data-month=\"202604\">13<\/dt><\/dt><dt class=\"mec-calendar-day \" data-mec-cell=\"20260414\" data-day=\"14\" data-month=\"202604\">14<\/dt><\/dt><dt class=\"mec-calendar-day \" data-mec-cell=\"20260415\" data-day=\"15\" data-month=\"202604\">15<\/dt><\/dt><dt class=\"mec-calendar-day \" data-mec-cell=\"20260416\" data-day=\"16\" data-month=\"202604\">16<\/dt><\/dt><dt class=\"mec-calendar-day \" data-mec-cell=\"20260417\" data-day=\"17\" data-month=\"202604\">17<\/dt><\/dt><dt class=\"mec-calendar-day \" data-mec-cell=\"20260418\" data-day=\"18\" data-month=\"202604\">18<\/dt><\/dt><dt class=\"mec-calendar-day \" data-mec-cell=\"20260419\" data-day=\"19\" data-month=\"202604\">19<\/dt><\/dt><\/dl><dl class=\"mec-calendar-row\"><dt class=\"mec-calendar-day \" data-mec-cell=\"20260420\" data-day=\"20\" data-month=\"202604\">20<\/dt><\/dt><dt class=\"mec-calendar-day \" data-mec-cell=\"20260421\" data-day=\"21\" data-month=\"202604\">21<\/dt><\/dt><dt class=\"mec-calendar-day \" data-mec-cell=\"20260422\" data-day=\"22\" data-month=\"202604\">22<\/dt><\/dt><dt class=\"mec-calendar-day \" data-mec-cell=\"20260423\" data-day=\"23\" data-month=\"202604\">23<\/dt><\/dt><dt class=\"mec-calendar-day \" data-mec-cell=\"20260424\" data-day=\"24\" data-month=\"202604\">24<\/dt><\/dt><dt class=\"mec-calendar-day \" data-mec-cell=\"20260425\" data-day=\"25\" data-month=\"202604\">25<\/dt><\/dt><dt class=\"mec-calendar-day \" data-mec-cell=\"20260426\" data-day=\"26\" data-month=\"202604\">26<\/dt><\/dt><\/dl><dl class=\"mec-calendar-row\"><dt class=\"mec-calendar-day \" data-mec-cell=\"20260427\" data-day=\"27\" data-month=\"202604\">27<\/dt><\/dt><dt class=\"mec-calendar-day \" data-mec-cell=\"20260428\" data-day=\"28\" data-month=\"202604\">28<\/dt><\/dt><dt class=\"mec-calendar-day \" data-mec-cell=\"20260429\" data-day=\"29\" data-month=\"202604\">29<\/dt><\/dt><dt class=\"mec-calendar-day \" data-mec-cell=\"20260430\" data-day=\"30\" data-month=\"202604\">30<\/dt><\/dt><dt class=\"mec-table-nullday\">1<\/dt><dt class=\"mec-table-nullday\">2<\/dt><dt class=\"mec-table-nullday\">3<\/dt><\/dl>\r\n<\/div>\r\n            <\/div>\r\n\r\n                    <\/div>\r\n            <\/div>\r\n\r\n        \r\n        <div class=\"mec-modal-result\"><\/div>\r\n\r\n<\/div>[\/vc_column][\/vc_row]<\/p>\n<\/div>","protected":false},"excerpt":{"rendered":"<p>[vc_row][vc_column][vc_single_image image=&#8221;2283&#8243; img_size=&#8221;full&#8221; style=&#8221;vc_box_shadow_3d&#8221;][\/vc_column][\/vc_row][vc_row][vc_column][vc_column_text css=&#8221;&#8221;]SPORTS CENTER \u201cPOOL ZENTA\u201d Address: Uvala Zenta 3 Working hours: 06:00-22:00h\/6AM-10PM Area: 3,700.00m2 Pool Zenta is an Olympic pool that was reopened for usage in June 2021 by the Public Institution For Sports Facilities Split after extensive renovations. SC Pool Zenta is located in the Ba\u010dvice city district. In 1937, with&hellip;<\/p>\n","protected":false},"author":1,"featured_media":0,"parent":0,"menu_order":0,"comment_status":"closed","ping_status":"closed","template":"","meta":{"_seopress_robots_primary_cat":"","_seopress_titles_title":"","_seopress_titles_desc":"","_seopress_robots_index":"","footnotes":""},"class_list":["post-7829","page","type-page","status-publish","hentry","description-off"],"_links":{"self":[{"href":"https:\/\/jusos.hr\/en\/wp-json\/wp\/v2\/pages\/7829","targetHints":{"allow":["GET"]}}],"collection":[{"href":"https:\/\/jusos.hr\/en\/wp-json\/wp\/v2\/pages"}],"about":[{"href":"https:\/\/jusos.hr\/en\/wp-json\/wp\/v2\/types\/page"}],"author":[{"embeddable":true,"href":"https:\/\/jusos.hr\/en\/wp-json\/wp\/v2\/users\/1"}],"replies":[{"embeddable":true,"href":"https:\/\/jusos.hr\/en\/wp-json\/wp\/v2\/comments?post=7829"}],"version-history":[{"count":3,"href":"https:\/\/jusos.hr\/en\/wp-json\/wp\/v2\/pages\/7829\/revisions"}],"predecessor-version":[{"id":8101,"href":"https:\/\/jusos.hr\/en\/wp-json\/wp\/v2\/pages\/7829\/revisions\/8101"}],"wp:attachment":[{"href":"https:\/\/jusos.hr\/en\/wp-json\/wp\/v2\/media?parent=7829"}],"curies":[{"name":"wp","href":"https:\/\/api.w.org\/{rel}","templated":true}]}}